{"id":79,"date":"2025-02-17T12:52:15","date_gmt":"2025-02-17T12:52:15","guid":{"rendered":"https:\/\/chezirene.dev.apps.lu\/?page_id=79"},"modified":"2025-05-06T08:34:14","modified_gmt":"2025-05-06T08:34:14","slug":"notre-histoire","status":"publish","type":"page","link":"https:\/\/chezirene.lu\/fr\/notre-histoire\/","title":{"rendered":"Notre Histoire"},"content":{"rendered":"<p>[et_pb_section fb_built=\u00a0\u00bb1&Prime; fullwidth=\u00a0\u00bbon\u00a0\u00bb _builder_version=\u00a0\u00bb4.27.4&Prime; _module_preset=\u00a0\u00bbdefault\u00a0\u00bb background_enable_color=\u00a0\u00bboff\u00a0\u00bb global_colors_info=\u00a0\u00bb{}\u00a0\u00bb][et_pb_fullwidth_header title=\u00a0\u00bbNotre histoire\u00a0\u00bb text_orientation=\u00a0\u00bbcenter\u00a0\u00bb background_overlay_color=\u00a0\u00bbRGBA(255,255,255,0)\u00a0\u00bb content_max_width=\u00a0\u00bb100%\u00a0\u00bb _builder_version=\u00a0\u00bb4.27.4&Prime; _module_preset=\u00a0\u00bbdefault\u00a0\u00bb title_text_color=\u00a0\u00bb#FFFFFF\u00a0\u00bb subhead_text_color=\u00a0\u00bb#FFFFFF\u00a0\u00bb background_enable_image=\u00a0\u00bboff\u00a0\u00bb min_height=\u00a0\u00bbauto\u00a0\u00bb custom_padding=\u00a0\u00bb0px||0px||false|false\u00a0\u00bb title_font_size_tablet=\u00a0\u00bb\u00a0\u00bb title_font_size_phone=\u00a0\u00bb40px\u00a0\u00bb title_font_size_last_edited=\u00a0\u00bbon|phone\u00a0\u00bb custom_css_subtitle=\u00a0\u00bbtext-wrap:balance!important;\u00a0\u00bb global_colors_info=\u00a0\u00bb{}\u00a0\u00bb][\/et_pb_fullwidth_header][\/et_pb_section][et_pb_section fb_built=\u00a0\u00bb1&Prime; _builder_version=\u00a0\u00bb4.27.4&Prime; _module_preset=\u00a0\u00bbdefault\u00a0\u00bb background_color=\u00a0\u00bb#f9f9f9&Prime; locked=\u00a0\u00bboff\u00a0\u00bb global_colors_info=\u00a0\u00bb{}\u00a0\u00bb][et_pb_row column_structure=\u00a0\u00bb1_3,2_3&Prime; _builder_version=\u00a0\u00bb4.27.4&Prime; _module_preset=\u00a0\u00bbdefault\u00a0\u00bb global_colors_info=\u00a0\u00bb{}\u00a0\u00bb][et_pb_column type=\u00a0\u00bb1_3&Prime; _builder_version=\u00a0\u00bb4.27.4&Prime; _module_preset=\u00a0\u00bbdefault\u00a0\u00bb sticky_position=\u00a0\u00bbtop\u00a0\u00bb sticky_offset_top=\u00a0\u00bb41px\u00a0\u00bb sticky_position_tablet=\u00a0\u00bbnone\u00a0\u00bb sticky_position_phone=\u00a0\u00bbnone\u00a0\u00bb sticky_position_last_edited=\u00a0\u00bbon|phone\u00a0\u00bb sticky_offset_top_tablet=\u00a0\u00bb41px\u00a0\u00bb sticky_offset_top_phone=\u00a0\u00bb41px\u00a0\u00bb sticky_offset_top_last_edited=\u00a0\u00bbon|tablet\u00a0\u00bb global_colors_info=\u00a0\u00bb{}\u00a0\u00bb][et_pb_text _builder_version=\u00a0\u00bb4.27.4&Prime; _module_preset=\u00a0\u00bbdefault\u00a0\u00bb header_3_font=\u00a0\u00bb|700|||||||\u00a0\u00bb header_3_text_align=\u00a0\u00bbleft\u00a0\u00bb header_3_font_size=\u00a0\u00bb15px\u00a0\u00bb custom_margin=\u00a0\u00bb||7px|||\u00a0\u00bb global_colors_info=\u00a0\u00bb{}\u00a0\u00bb]<\/p>\n<h3>Notre histoire<\/h3>\n<p>[\/et_pb_text][et_pb_heading title=\u00a0\u00bbLes \u00e9tapes importantes\u00a0\u00bb _builder_version=\u00a0\u00bb4.27.4&Prime; _module_preset=\u00a0\u00bbdefault\u00a0\u00bb title_text_align=\u00a0\u00bbleft\u00a0\u00bb global_colors_info=\u00a0\u00bb{}\u00a0\u00bb][\/et_pb_heading][\/et_pb_column][et_pb_column type=\u00a0\u00bb2_3&Prime; _builder_version=\u00a0\u00bb4.27.4&Prime; _module_preset=\u00a0\u00bbdefault\u00a0\u00bb custom_padding=\u00a0\u00bb|0px||30px|false|false\u00a0\u00bb border_width_left=\u00a0\u00bb1px\u00a0\u00bb border_color_left=\u00a0\u00bb#d3d3d3&Prime; global_colors_info=\u00a0\u00bb{}\u00a0\u00bb][et_pb_text _builder_version=\u00a0\u00bb4.27.4&Prime; _module_preset=\u00a0\u00bb_initial\u00a0\u00bb custom_margin=\u00a0\u00bb||0px||false|false\u00a0\u00bb custom_css_before=\u00a0\u00bbcontent: &lsquo;.&rsquo;;||font-size:80px;||position:absolute;||top: -18px;||left: -43px;||\u00a0\u00bb global_colors_info=\u00a0\u00bb{}\u00a0\u00bb]<\/p>\n<h2>1958<\/h2>\n<p>[\/et_pb_text][et_pb_text _builder_version=\u00a0\u00bb4.27.4&Prime; _module_preset=\u00a0\u00bb2d4d1c18-c735-4208-b36f-35f99de0a6e7&Prime; header_4_font=\u00a0\u00bb|600|||||||\u00a0\u00bb header_4_font_size=\u00a0\u00bb20px\u00a0\u00bb global_colors_info=\u00a0\u00bb{}\u00a0\u00bb]<\/p>\n<h4>C&rsquo;est en 1958 que Chez Ir\u00e8ne a \u00e9t\u00e9 fond\u00e9e.<\/h4>\n<h4>Depuis, nous faisons partie int\u00e9grante de la Schueberfouer.<\/h4>\n<p>[\/et_pb_text][et_pb_image src=\u00a0\u00bbhttps:\/\/chezirene.lu\/wp-content\/uploads\/1995-2.jpeg\u00a0\u00bb title_text=\u00a0\u00bb1995-2&Prime; _builder_version=\u00a0\u00bb4.27.4&Prime; _module_preset=\u00a0\u00bbdefault\u00a0\u00bb custom_margin=\u00a0\u00bb||60px||false|false\u00a0\u00bb filter_sepia=\u00a0\u00bb40%\u00a0\u00bb global_colors_info=\u00a0\u00bb{}\u00a0\u00bb][\/et_pb_image][et_pb_image src=\u00a0\u00bbhttps:\/\/chezirene.lu\/wp-content\/uploads\/1995.jpeg\u00a0\u00bb title_text=\u00a0\u00bb1995&Prime; _builder_version=\u00a0\u00bb4.27.4&Prime; _module_preset=\u00a0\u00bbdefault\u00a0\u00bb custom_margin=\u00a0\u00bb||60px||false|false\u00a0\u00bb filter_sepia=\u00a0\u00bb40%\u00a0\u00bb global_colors_info=\u00a0\u00bb{}\u00a0\u00bb][\/et_pb_image][et_pb_text _builder_version=\u00a0\u00bb4.27.4&Prime; _module_preset=\u00a0\u00bb_initial\u00a0\u00bb custom_margin=\u00a0\u00bb||0px||false|false\u00a0\u00bb custom_css_before=\u00a0\u00bbcontent: &lsquo;.&rsquo;;||font-size:80px;||position:absolute;||top: -18px;||left: -43px;||\u00a0\u00bb locked=\u00a0\u00bboff\u00a0\u00bb global_colors_info=\u00a0\u00bb{}\u00a0\u00bb]<\/p>\n<h2>1996<\/h2>\n<p>[\/et_pb_text][et_pb_image src=\u00a0\u00bbhttps:\/\/chezirene.lu\/wp-content\/uploads\/1996.jpeg\u00a0\u00bb title_text=\u00a0\u00bb1996&Prime; _builder_version=\u00a0\u00bb4.27.4&Prime; _module_preset=\u00a0\u00bbdefault\u00a0\u00bb custom_margin=\u00a0\u00bb||60px||false|false\u00a0\u00bb filter_sepia=\u00a0\u00bb40%\u00a0\u00bb locked=\u00a0\u00bboff\u00a0\u00bb global_colors_info=\u00a0\u00bb{}\u00a0\u00bb][\/et_pb_image][et_pb_text _builder_version=\u00a0\u00bb4.27.4&Prime; _module_preset=\u00a0\u00bb_initial\u00a0\u00bb custom_margin=\u00a0\u00bb||0px||false|false\u00a0\u00bb custom_css_before=\u00a0\u00bbcontent: &lsquo;.&rsquo;;||font-size:80px;||position:absolute;||top: -18px;||left: -43px;||\u00a0\u00bb locked=\u00a0\u00bboff\u00a0\u00bb global_colors_info=\u00a0\u00bb{}\u00a0\u00bb]<\/p>\n<h2>1997<\/h2>\n<p>[\/et_pb_text][et_pb_image src=\u00a0\u00bbhttps:\/\/chezirene.lu\/wp-content\/uploads\/1997-2.jpeg\u00a0\u00bb title_text=\u00a0\u00bb1997-2&Prime; _builder_version=\u00a0\u00bb4.27.4&Prime; _module_preset=\u00a0\u00bbdefault\u00a0\u00bb custom_margin=\u00a0\u00bb||60px||false|false\u00a0\u00bb filter_sepia=\u00a0\u00bb40%\u00a0\u00bb locked=\u00a0\u00bboff\u00a0\u00bb global_colors_info=\u00a0\u00bb{}\u00a0\u00bb][\/et_pb_image][et_pb_image src=\u00a0\u00bbhttps:\/\/chezirene.lu\/wp-content\/uploads\/1997-4.jpeg\u00a0\u00bb title_text=\u00a0\u00bb1997-4&Prime; _builder_version=\u00a0\u00bb4.27.4&Prime; _module_preset=\u00a0\u00bbdefault\u00a0\u00bb custom_margin=\u00a0\u00bb||60px||false|false\u00a0\u00bb filter_sepia=\u00a0\u00bb40%\u00a0\u00bb locked=\u00a0\u00bboff\u00a0\u00bb global_colors_info=\u00a0\u00bb{}\u00a0\u00bb][\/et_pb_image][et_pb_image src=\u00a0\u00bbhttps:\/\/chezirene.lu\/wp-content\/uploads\/1997.jpeg\u00a0\u00bb title_text=\u00a0\u00bb1997&Prime; _builder_version=\u00a0\u00bb4.27.4&Prime; _module_preset=\u00a0\u00bbdefault\u00a0\u00bb custom_margin=\u00a0\u00bb||60px||false|false\u00a0\u00bb filter_sepia=\u00a0\u00bb40%\u00a0\u00bb locked=\u00a0\u00bboff\u00a0\u00bb global_colors_info=\u00a0\u00bb{}\u00a0\u00bb][\/et_pb_image][et_pb_image src=\u00a0\u00bbhttps:\/\/chezirene.lu\/wp-content\/uploads\/1997-3.jpeg\u00a0\u00bb title_text=\u00a0\u00bb1997-3&Prime; _builder_version=\u00a0\u00bb4.27.4&Prime; _module_preset=\u00a0\u00bbdefault\u00a0\u00bb custom_margin=\u00a0\u00bb||60px||false|false\u00a0\u00bb filter_sepia=\u00a0\u00bb40%\u00a0\u00bb locked=\u00a0\u00bboff\u00a0\u00bb global_colors_info=\u00a0\u00bb{}\u00a0\u00bb][\/et_pb_image][et_pb_text _builder_version=\u00a0\u00bb4.27.4&Prime; _module_preset=\u00a0\u00bb_initial\u00a0\u00bb custom_margin=\u00a0\u00bb||0px||false|false\u00a0\u00bb custom_css_before=\u00a0\u00bbcontent: &lsquo;.&rsquo;;||font-size:80px;||position:absolute;||top: -18px;||left: -43px;||\u00a0\u00bb locked=\u00a0\u00bboff\u00a0\u00bb global_colors_info=\u00a0\u00bb{}\u00a0\u00bb]<\/p>\n<h2>2000<\/h2>\n<p>[\/et_pb_text][et_pb_image src=\u00a0\u00bbhttps:\/\/chezirene.lu\/wp-content\/uploads\/2000.jpeg\u00a0\u00bb title_text=\u00a0\u00bb2000&Prime; _builder_version=\u00a0\u00bb4.27.4&Prime; _module_preset=\u00a0\u00bbdefault\u00a0\u00bb custom_margin=\u00a0\u00bb||60px||false|false\u00a0\u00bb locked=\u00a0\u00bboff\u00a0\u00bb global_colors_info=\u00a0\u00bb{}\u00a0\u00bb][\/et_pb_image][et_pb_text _builder_version=\u00a0\u00bb4.27.4&Prime; _module_preset=\u00a0\u00bb_initial\u00a0\u00bb custom_margin=\u00a0\u00bb||0px||false|false\u00a0\u00bb custom_css_before=\u00a0\u00bbcontent: &lsquo;.&rsquo;;||font-size:80px;||position:absolute;||top: -18px;||left: -43px;||\u00a0\u00bb locked=\u00a0\u00bboff\u00a0\u00bb global_colors_info=\u00a0\u00bb{}\u00a0\u00bb]<\/p>\n<h2>2024<\/h2>\n<p>[\/et_pb_text][et_pb_image src=\u00a0\u00bbhttps:\/\/chezirene.lu\/wp-content\/uploads\/IMG_0051-rotated.jpeg\u00a0\u00bb title_text=\u00a0\u00bbIMG_0051&Prime; _builder_version=\u00a0\u00bb4.27.4&Prime; _module_preset=\u00a0\u00bbdefault\u00a0\u00bb custom_margin=\u00a0\u00bb||60px||false|false\u00a0\u00bb locked=\u00a0\u00bboff\u00a0\u00bb global_colors_info=\u00a0\u00bb{}\u00a0\u00bb][\/et_pb_image][et_pb_image src=\u00a0\u00bbhttps:\/\/chezirene.lu\/wp-content\/uploads\/2024.jpeg\u00a0\u00bb title_text=\u00a0\u00bb2024&Prime; _builder_version=\u00a0\u00bb4.27.4&Prime; _module_preset=\u00a0\u00bbdefault\u00a0\u00bb custom_margin=\u00a0\u00bb||60px||false|false\u00a0\u00bb locked=\u00a0\u00bboff\u00a0\u00bb global_colors_info=\u00a0\u00bb{}\u00a0\u00bb][\/et_pb_image][\/et_pb_column][\/et_pb_row][\/et_pb_section]<\/p>\n","protected":false},"excerpt":{"rendered":"<p>Notre histoire1958C&rsquo;est en 1958 que Chez Ir\u00e8ne a \u00e9t\u00e9 fond\u00e9e. Depuis, nous faisons partie int\u00e9grante de la Schueberfouer.1996199720002024<\/p>\n","protected":false},"author":1,"featured_media":0,"parent":0,"menu_order":0,"comment_status":"closed","ping_status":"closed","template":"","meta":{"_et_pb_use_builder":"on","_et_pb_old_content":"","_et_gb_content_width":"","footnotes":""},"class_list":["post-79","page","type-page","status-publish","hentry"],"yoast_head":"<!-- This site is optimized with the Yoast SEO plugin v27.3 - https:\/\/yoast.com\/product\/yoast-seo-wordpress\/ -->\n<title>Notre Histoire - Restaurant Chez-Ir\u00e8ne<\/title>\n<meta name=\"robots\" content=\"index, follow, max-snippet:-1, max-image-preview:large, max-video-preview:-1\" \/>\n<link rel=\"canonical\" href=\"https:\/\/chezirene.lu\/fr\/notre-histoire\/\" \/>\n<meta property=\"og:locale\" content=\"fr_FR\" \/>\n<meta property=\"og:type\" content=\"article\" \/>\n<meta property=\"og:title\" content=\"Notre Histoire - Restaurant Chez-Ir\u00e8ne\" \/>\n<meta property=\"og:description\" content=\"Notre histoire1958C&#039;est en 1958 que Chez Ir\u00e8ne a \u00e9t\u00e9 fond\u00e9e. Depuis, nous faisons partie int\u00e9grante de la Schueberfouer.1996199720002024\" \/>\n<meta property=\"og:url\" content=\"https:\/\/chezirene.lu\/fr\/notre-histoire\/\" \/>\n<meta property=\"og:site_name\" content=\"Restaurant Chez-Ir\u00e8ne\" \/>\n<meta property=\"article:publisher\" content=\"https:\/\/www.facebook.com\/profile.php?id=61558328098867\" \/>\n<meta property=\"article:modified_time\" content=\"2025-05-06T08:34:14+00:00\" \/>\n<meta name=\"twitter:card\" content=\"summary_large_image\" \/>\n<meta name=\"twitter:label1\" content=\"Dur\u00e9e de lecture estim\u00e9e\" \/>\n\t<meta name=\"twitter:data1\" content=\"4 minutes\" \/>\n<script type=\"application\/ld+json\" class=\"yoast-schema-graph\">{\"@context\":\"https:\\\/\\\/schema.org\",\"@graph\":[{\"@type\":\"WebPage\",\"@id\":\"https:\\\/\\\/chezirene.lu\\\/fr\\\/notre-histoire\\\/\",\"url\":\"https:\\\/\\\/chezirene.lu\\\/fr\\\/notre-histoire\\\/\",\"name\":\"Notre Histoire - Restaurant Chez-Ir\u00e8ne\",\"isPartOf\":{\"@id\":\"https:\\\/\\\/chezirene.lu\\\/fr\\\/#website\"},\"datePublished\":\"2025-02-17T12:52:15+00:00\",\"dateModified\":\"2025-05-06T08:34:14+00:00\",\"breadcrumb\":{\"@id\":\"https:\\\/\\\/chezirene.lu\\\/fr\\\/notre-histoire\\\/#breadcrumb\"},\"inLanguage\":\"fr-FR\",\"potentialAction\":[{\"@type\":\"ReadAction\",\"target\":[\"https:\\\/\\\/chezirene.lu\\\/fr\\\/notre-histoire\\\/\"]}]},{\"@type\":\"BreadcrumbList\",\"@id\":\"https:\\\/\\\/chezirene.lu\\\/fr\\\/notre-histoire\\\/#breadcrumb\",\"itemListElement\":[{\"@type\":\"ListItem\",\"position\":1,\"name\":\"Home\",\"item\":\"https:\\\/\\\/chezirene.lu\\\/fr\\\/\"},{\"@type\":\"ListItem\",\"position\":2,\"name\":\"Notre Histoire\"}]},{\"@type\":\"WebSite\",\"@id\":\"https:\\\/\\\/chezirene.lu\\\/fr\\\/#website\",\"url\":\"https:\\\/\\\/chezirene.lu\\\/fr\\\/\",\"name\":\"Restaurant Chez-Ir\u00e8ne\",\"description\":\"\",\"publisher\":{\"@id\":\"https:\\\/\\\/chezirene.lu\\\/fr\\\/#organization\"},\"potentialAction\":[{\"@type\":\"SearchAction\",\"target\":{\"@type\":\"EntryPoint\",\"urlTemplate\":\"https:\\\/\\\/chezirene.lu\\\/fr\\\/?s={search_term_string}\"},\"query-input\":{\"@type\":\"PropertyValueSpecification\",\"valueRequired\":true,\"valueName\":\"search_term_string\"}}],\"inLanguage\":\"fr-FR\"},{\"@type\":\"Organization\",\"@id\":\"https:\\\/\\\/chezirene.lu\\\/fr\\\/#organization\",\"name\":\"Restaurant Chez-Ir\u00e8ne\",\"url\":\"https:\\\/\\\/chezirene.lu\\\/fr\\\/\",\"logo\":{\"@type\":\"ImageObject\",\"inLanguage\":\"fr-FR\",\"@id\":\"https:\\\/\\\/chezirene.lu\\\/fr\\\/#\\\/schema\\\/logo\\\/image\\\/\",\"url\":\"https:\\\/\\\/chezirene.lu\\\/wp-content\\\/uploads\\\/chez_irene0.png\",\"contentUrl\":\"https:\\\/\\\/chezirene.lu\\\/wp-content\\\/uploads\\\/chez_irene0.png\",\"width\":426,\"height\":118,\"caption\":\"Restaurant Chez-Ir\u00e8ne\"},\"image\":{\"@id\":\"https:\\\/\\\/chezirene.lu\\\/fr\\\/#\\\/schema\\\/logo\\\/image\\\/\"},\"sameAs\":[\"https:\\\/\\\/www.facebook.com\\\/profile.php?id=61558328098867\"]}]}<\/script>\n<!-- \/ Yoast SEO plugin. -->","yoast_head_json":{"title":"Notre Histoire - Restaurant Chez-Ir\u00e8ne","robots":{"index":"index","follow":"follow","max-snippet":"max-snippet:-1","max-image-preview":"max-image-preview:large","max-video-preview":"max-video-preview:-1"},"canonical":"https:\/\/chezirene.lu\/fr\/notre-histoire\/","og_locale":"fr_FR","og_type":"article","og_title":"Notre Histoire - Restaurant Chez-Ir\u00e8ne","og_description":"Notre histoire1958C'est en 1958 que Chez Ir\u00e8ne a \u00e9t\u00e9 fond\u00e9e. Depuis, nous faisons partie int\u00e9grante de la Schueberfouer.1996199720002024","og_url":"https:\/\/chezirene.lu\/fr\/notre-histoire\/","og_site_name":"Restaurant Chez-Ir\u00e8ne","article_publisher":"https:\/\/www.facebook.com\/profile.php?id=61558328098867","article_modified_time":"2025-05-06T08:34:14+00:00","twitter_card":"summary_large_image","twitter_misc":{"Dur\u00e9e de lecture estim\u00e9e":"4 minutes"},"schema":{"@context":"https:\/\/schema.org","@graph":[{"@type":"WebPage","@id":"https:\/\/chezirene.lu\/fr\/notre-histoire\/","url":"https:\/\/chezirene.lu\/fr\/notre-histoire\/","name":"Notre Histoire - Restaurant Chez-Ir\u00e8ne","isPartOf":{"@id":"https:\/\/chezirene.lu\/fr\/#website"},"datePublished":"2025-02-17T12:52:15+00:00","dateModified":"2025-05-06T08:34:14+00:00","breadcrumb":{"@id":"https:\/\/chezirene.lu\/fr\/notre-histoire\/#breadcrumb"},"inLanguage":"fr-FR","potentialAction":[{"@type":"ReadAction","target":["https:\/\/chezirene.lu\/fr\/notre-histoire\/"]}]},{"@type":"BreadcrumbList","@id":"https:\/\/chezirene.lu\/fr\/notre-histoire\/#breadcrumb","itemListElement":[{"@type":"ListItem","position":1,"name":"Home","item":"https:\/\/chezirene.lu\/fr\/"},{"@type":"ListItem","position":2,"name":"Notre Histoire"}]},{"@type":"WebSite","@id":"https:\/\/chezirene.lu\/fr\/#website","url":"https:\/\/chezirene.lu\/fr\/","name":"Restaurant Chez-Ir\u00e8ne","description":"","publisher":{"@id":"https:\/\/chezirene.lu\/fr\/#organization"},"potentialAction":[{"@type":"SearchAction","target":{"@type":"EntryPoint","urlTemplate":"https:\/\/chezirene.lu\/fr\/?s={search_term_string}"},"query-input":{"@type":"PropertyValueSpecification","valueRequired":true,"valueName":"search_term_string"}}],"inLanguage":"fr-FR"},{"@type":"Organization","@id":"https:\/\/chezirene.lu\/fr\/#organization","name":"Restaurant Chez-Ir\u00e8ne","url":"https:\/\/chezirene.lu\/fr\/","logo":{"@type":"ImageObject","inLanguage":"fr-FR","@id":"https:\/\/chezirene.lu\/fr\/#\/schema\/logo\/image\/","url":"https:\/\/chezirene.lu\/wp-content\/uploads\/chez_irene0.png","contentUrl":"https:\/\/chezirene.lu\/wp-content\/uploads\/chez_irene0.png","width":426,"height":118,"caption":"Restaurant Chez-Ir\u00e8ne"},"image":{"@id":"https:\/\/chezirene.lu\/fr\/#\/schema\/logo\/image\/"},"sameAs":["https:\/\/www.facebook.com\/profile.php?id=61558328098867"]}]}},"_links":{"self":[{"href":"https:\/\/chezirene.lu\/fr\/wp-json\/wp\/v2\/pages\/79","targetHints":{"allow":["GET"]}}],"collection":[{"href":"https:\/\/chezirene.lu\/fr\/wp-json\/wp\/v2\/pages"}],"about":[{"href":"https:\/\/chezirene.lu\/fr\/wp-json\/wp\/v2\/types\/page"}],"author":[{"embeddable":true,"href":"https:\/\/chezirene.lu\/fr\/wp-json\/wp\/v2\/users\/1"}],"replies":[{"embeddable":true,"href":"https:\/\/chezirene.lu\/fr\/wp-json\/wp\/v2\/comments?post=79"}],"version-history":[{"count":17,"href":"https:\/\/chezirene.lu\/fr\/wp-json\/wp\/v2\/pages\/79\/revisions"}],"predecessor-version":[{"id":594,"href":"https:\/\/chezirene.lu\/fr\/wp-json\/wp\/v2\/pages\/79\/revisions\/594"}],"wp:attachment":[{"href":"https:\/\/chezirene.lu\/fr\/wp-json\/wp\/v2\/media?parent=79"}],"curies":[{"name":"wp","href":"https:\/\/api.w.org\/{rel}","templated":true}]}}