{"id":609,"date":"2025-05-16T16:16:41","date_gmt":"2025-05-16T16:16:41","guid":{"rendered":"https:\/\/chezirene.lu\/?page_id=609"},"modified":"2025-05-19T10:27:18","modified_gmt":"2025-05-19T10:27:18","slug":"mentions-legales","status":"publish","type":"page","link":"https:\/\/chezirene.lu\/fr\/mentions-legales\/","title":{"rendered":"Mentions l\u00e9gales"},"content":{"rendered":"\n<p><strong>\u00c9diteur du site :<\/strong><\/p>\n\n\n\n<p>Kirepo Sarl<\/p>\n\n\n\n<p>Adresse : 1 Rue de Wormeldange-Haut, 5488 Ehnen<\/p>\n\n\n\n<p>Email :&nbsp;<a>info@kirepo.lu<\/a><\/p>\n\n\n\n<p>T\u00e9l\u00e9phone : 20 21 00 55<\/p>\n\n\n\n<p><strong>Directeur de la publication :<\/strong><\/p>\n\n\n\n<p>Chez Ir\u00e8ne<\/p>\n\n\n\n<p>Adresse : 16, rue du charron<\/p>\n\n\n\n<p>Email :\u00a0<a href=\"mailto:hofrom@pt.lu\">hofrom@pt.lu<\/a><\/p>\n\n\n\n<p>T\u00e9l\u00e9phone : +352 <a href=\"callto:#\">691 43 06 51<\/a><\/p>\n\n\n\n<p><strong>H\u00e9bergement :<\/strong><\/p>\n\n\n\n<p>Le site est h\u00e9berg\u00e9 par Hetzner en Allemagne.<\/p>\n\n\n\n<p>Adresse de l\u2019h\u00e9bergeur : Hetzner Online GmbH, Industriestra\u00dfe 25, 91710 Gunzenhausen, Allemagne<\/p>\n\n\n\n<p><strong>Propri\u00e9t\u00e9 intellectuelle :<\/strong><\/p>\n\n\n\n<p>Tous les contenus pr\u00e9sents sur le site de Chez Irene sont prot\u00e9g\u00e9s par le droit d\u2019auteur et sont la propri\u00e9t\u00e9 exclusive de Chez Irene, sauf mention contraire. Toute reproduction, distribution, modification ou utilisation de ces contenus sans l\u2019autorisation pr\u00e9alable de Chez Irene est interdite.<\/p>\n\n\n\n<p><strong>Responsabilit\u00e9 :<\/strong><\/p>\n\n\n\n<p>Chez Irene s\u2019efforce de fournir des informations pr\u00e9cises et \u00e0 jour sur son site web, mais ne peut garantir l\u2019exactitude, l\u2019exhaustivit\u00e9 ou la pertinence des informations fournies. En cons\u00e9quence, Chez Irene d\u00e9cline toute responsabilit\u00e9 pour toute erreur ou omission concernant le contenu du site et pour les \u00e9ventuels dommages caus\u00e9s par l\u2019utilisation des informations fournies sur ce site.<\/p>\n\n\n\n<p><strong>Liens externes :<\/strong><\/p>\n\n\n\n<p>Le site peut contenir des liens vers des sites web externes sur lesquels Chez Irene n\u2019a aucun contr\u00f4le. Par cons\u00e9quent, Chez Irene d\u00e9cline toute responsabilit\u00e9 quant au contenu de ces sites externes et aux \u00e9ventuels dommages caus\u00e9s par leur utilisation.<\/p>\n\n\n\n<p><strong>Protection des donn\u00e9es personnelles :<\/strong><\/p>\n\n\n\n<p>Pour plus d\u2019informations sur la collecte et le traitement de vos donn\u00e9es personnelles, veuillez consulter notre politique de confidentialit\u00e9.<\/p>\n\n\n\n<p><strong>Droit applicable et juridiction comp\u00e9tente :<\/strong><\/p>\n\n\n\n<p>Les pr\u00e9sentes mentions l\u00e9gales sont r\u00e9gies par le droit luxembourgeois. En cas de litige, les tribunaux luxembourgeois seront seuls comp\u00e9tents.<\/p>\n","protected":false},"excerpt":{"rendered":"<p>\u00c9diteur du site : Kirepo Sarl Adresse : 1 Rue de Wormeldange-Haut, 5488 Ehnen Email :&nbsp;info@kirepo.lu T\u00e9l\u00e9phone : 20 21 00 55 Directeur de la publication : Chez Ir\u00e8ne Adresse : 16, rue du charron Email :\u00a0hofrom@pt.lu T\u00e9l\u00e9phone : +352 691 43 06 51 H\u00e9bergement : Le site est h\u00e9berg\u00e9 par Hetzner en Allemagne. Adresse [&hellip;]<\/p>\n","protected":false},"author":1,"featured_media":0,"parent":0,"menu_order":0,"comment_status":"closed","ping_status":"closed","template":"","meta":{"_et_pb_use_builder":"off","_et_pb_old_content":"","_et_gb_content_width":"","footnotes":""},"class_list":["post-609","page","type-page","status-publish","hentry"],"yoast_head":"<!-- This site is optimized with the Yoast SEO plugin v27.3 - https:\/\/yoast.com\/product\/yoast-seo-wordpress\/ -->\n<title>Mentions l\u00e9gales - Restaurant Chez-Ir\u00e8ne<\/title>\n<meta name=\"robots\" content=\"noindex, follow\" \/>\n<meta property=\"og:locale\" content=\"fr_FR\" \/>\n<meta property=\"og:type\" content=\"article\" \/>\n<meta property=\"og:title\" content=\"Mentions l\u00e9gales - Restaurant Chez-Ir\u00e8ne\" \/>\n<meta property=\"og:description\" content=\"\u00c9diteur du site : Kirepo Sarl Adresse : 1 Rue de Wormeldange-Haut, 5488 Ehnen Email :&nbsp;info@kirepo.lu T\u00e9l\u00e9phone : 20 21 00 55 Directeur de la publication : Chez Ir\u00e8ne Adresse : 16, rue du charron Email :\u00a0hofrom@pt.lu T\u00e9l\u00e9phone : +352 691 43 06 51 H\u00e9bergement : Le site est h\u00e9berg\u00e9 par Hetzner en Allemagne. Adresse [&hellip;]\" \/>\n<meta property=\"og:url\" content=\"https:\/\/chezirene.lu\/fr\/mentions-legales\/\" \/>\n<meta property=\"og:site_name\" content=\"Restaurant Chez-Ir\u00e8ne\" \/>\n<meta property=\"article:publisher\" content=\"https:\/\/www.facebook.com\/profile.php?id=61558328098867\" \/>\n<meta property=\"article:modified_time\" content=\"2025-05-19T10:27:18+00:00\" \/>\n<meta name=\"twitter:card\" content=\"summary_large_image\" \/>\n<script type=\"application\/ld+json\" class=\"yoast-schema-graph\">{\"@context\":\"https:\\\/\\\/schema.org\",\"@graph\":[{\"@type\":\"WebPage\",\"@id\":\"https:\\\/\\\/chezirene.lu\\\/fr\\\/mentions-legales\\\/\",\"url\":\"https:\\\/\\\/chezirene.lu\\\/fr\\\/mentions-legales\\\/\",\"name\":\"Mentions l\u00e9gales - Restaurant Chez-Ir\u00e8ne\",\"isPartOf\":{\"@id\":\"https:\\\/\\\/chezirene.lu\\\/fr\\\/#website\"},\"datePublished\":\"2025-05-16T16:16:41+00:00\",\"dateModified\":\"2025-05-19T10:27:18+00:00\",\"breadcrumb\":{\"@id\":\"https:\\\/\\\/chezirene.lu\\\/fr\\\/mentions-legales\\\/#breadcrumb\"},\"inLanguage\":\"fr-FR\",\"potentialAction\":[{\"@type\":\"ReadAction\",\"target\":[\"https:\\\/\\\/chezirene.lu\\\/fr\\\/mentions-legales\\\/\"]}]},{\"@type\":\"BreadcrumbList\",\"@id\":\"https:\\\/\\\/chezirene.lu\\\/fr\\\/mentions-legales\\\/#breadcrumb\",\"itemListElement\":[{\"@type\":\"ListItem\",\"position\":1,\"name\":\"Home\",\"item\":\"https:\\\/\\\/chezirene.lu\\\/fr\\\/\"},{\"@type\":\"ListItem\",\"position\":2,\"name\":\"Mentions l\u00e9gales\"}]},{\"@type\":\"WebSite\",\"@id\":\"https:\\\/\\\/chezirene.lu\\\/fr\\\/#website\",\"url\":\"https:\\\/\\\/chezirene.lu\\\/fr\\\/\",\"name\":\"Restaurant Chez-Ir\u00e8ne\",\"description\":\"\",\"publisher\":{\"@id\":\"https:\\\/\\\/chezirene.lu\\\/fr\\\/#organization\"},\"potentialAction\":[{\"@type\":\"SearchAction\",\"target\":{\"@type\":\"EntryPoint\",\"urlTemplate\":\"https:\\\/\\\/chezirene.lu\\\/fr\\\/?s={search_term_string}\"},\"query-input\":{\"@type\":\"PropertyValueSpecification\",\"valueRequired\":true,\"valueName\":\"search_term_string\"}}],\"inLanguage\":\"fr-FR\"},{\"@type\":\"Organization\",\"@id\":\"https:\\\/\\\/chezirene.lu\\\/fr\\\/#organization\",\"name\":\"Restaurant Chez-Ir\u00e8ne\",\"url\":\"https:\\\/\\\/chezirene.lu\\\/fr\\\/\",\"logo\":{\"@type\":\"ImageObject\",\"inLanguage\":\"fr-FR\",\"@id\":\"https:\\\/\\\/chezirene.lu\\\/fr\\\/#\\\/schema\\\/logo\\\/image\\\/\",\"url\":\"https:\\\/\\\/chezirene.lu\\\/wp-content\\\/uploads\\\/chez_irene0.png\",\"contentUrl\":\"https:\\\/\\\/chezirene.lu\\\/wp-content\\\/uploads\\\/chez_irene0.png\",\"width\":426,\"height\":118,\"caption\":\"Restaurant Chez-Ir\u00e8ne\"},\"image\":{\"@id\":\"https:\\\/\\\/chezirene.lu\\\/fr\\\/#\\\/schema\\\/logo\\\/image\\\/\"},\"sameAs\":[\"https:\\\/\\\/www.facebook.com\\\/profile.php?id=61558328098867\"]}]}<\/script>\n<!-- \/ Yoast SEO plugin. -->","yoast_head_json":{"title":"Mentions l\u00e9gales - Restaurant Chez-Ir\u00e8ne","robots":{"index":"noindex","follow":"follow"},"og_locale":"fr_FR","og_type":"article","og_title":"Mentions l\u00e9gales - Restaurant Chez-Ir\u00e8ne","og_description":"\u00c9diteur du site : Kirepo Sarl Adresse : 1 Rue de Wormeldange-Haut, 5488 Ehnen Email :&nbsp;info@kirepo.lu T\u00e9l\u00e9phone : 20 21 00 55 Directeur de la publication : Chez Ir\u00e8ne Adresse : 16, rue du charron Email :\u00a0hofrom@pt.lu T\u00e9l\u00e9phone : +352 691 43 06 51 H\u00e9bergement : Le site est h\u00e9berg\u00e9 par Hetzner en Allemagne. Adresse [&hellip;]","og_url":"https:\/\/chezirene.lu\/fr\/mentions-legales\/","og_site_name":"Restaurant Chez-Ir\u00e8ne","article_publisher":"https:\/\/www.facebook.com\/profile.php?id=61558328098867","article_modified_time":"2025-05-19T10:27:18+00:00","twitter_card":"summary_large_image","schema":{"@context":"https:\/\/schema.org","@graph":[{"@type":"WebPage","@id":"https:\/\/chezirene.lu\/fr\/mentions-legales\/","url":"https:\/\/chezirene.lu\/fr\/mentions-legales\/","name":"Mentions l\u00e9gales - Restaurant Chez-Ir\u00e8ne","isPartOf":{"@id":"https:\/\/chezirene.lu\/fr\/#website"},"datePublished":"2025-05-16T16:16:41+00:00","dateModified":"2025-05-19T10:27:18+00:00","breadcrumb":{"@id":"https:\/\/chezirene.lu\/fr\/mentions-legales\/#breadcrumb"},"inLanguage":"fr-FR","potentialAction":[{"@type":"ReadAction","target":["https:\/\/chezirene.lu\/fr\/mentions-legales\/"]}]},{"@type":"BreadcrumbList","@id":"https:\/\/chezirene.lu\/fr\/mentions-legales\/#breadcrumb","itemListElement":[{"@type":"ListItem","position":1,"name":"Home","item":"https:\/\/chezirene.lu\/fr\/"},{"@type":"ListItem","position":2,"name":"Mentions l\u00e9gales"}]},{"@type":"WebSite","@id":"https:\/\/chezirene.lu\/fr\/#website","url":"https:\/\/chezirene.lu\/fr\/","name":"Restaurant Chez-Ir\u00e8ne","description":"","publisher":{"@id":"https:\/\/chezirene.lu\/fr\/#organization"},"potentialAction":[{"@type":"SearchAction","target":{"@type":"EntryPoint","urlTemplate":"https:\/\/chezirene.lu\/fr\/?s={search_term_string}"},"query-input":{"@type":"PropertyValueSpecification","valueRequired":true,"valueName":"search_term_string"}}],"inLanguage":"fr-FR"},{"@type":"Organization","@id":"https:\/\/chezirene.lu\/fr\/#organization","name":"Restaurant Chez-Ir\u00e8ne","url":"https:\/\/chezirene.lu\/fr\/","logo":{"@type":"ImageObject","inLanguage":"fr-FR","@id":"https:\/\/chezirene.lu\/fr\/#\/schema\/logo\/image\/","url":"https:\/\/chezirene.lu\/wp-content\/uploads\/chez_irene0.png","contentUrl":"https:\/\/chezirene.lu\/wp-content\/uploads\/chez_irene0.png","width":426,"height":118,"caption":"Restaurant Chez-Ir\u00e8ne"},"image":{"@id":"https:\/\/chezirene.lu\/fr\/#\/schema\/logo\/image\/"},"sameAs":["https:\/\/www.facebook.com\/profile.php?id=61558328098867"]}]}},"_links":{"self":[{"href":"https:\/\/chezirene.lu\/fr\/wp-json\/wp\/v2\/pages\/609","targetHints":{"allow":["GET"]}}],"collection":[{"href":"https:\/\/chezirene.lu\/fr\/wp-json\/wp\/v2\/pages"}],"about":[{"href":"https:\/\/chezirene.lu\/fr\/wp-json\/wp\/v2\/types\/page"}],"author":[{"embeddable":true,"href":"https:\/\/chezirene.lu\/fr\/wp-json\/wp\/v2\/users\/1"}],"replies":[{"embeddable":true,"href":"https:\/\/chezirene.lu\/fr\/wp-json\/wp\/v2\/comments?post=609"}],"version-history":[{"count":1,"href":"https:\/\/chezirene.lu\/fr\/wp-json\/wp\/v2\/pages\/609\/revisions"}],"predecessor-version":[{"id":610,"href":"https:\/\/chezirene.lu\/fr\/wp-json\/wp\/v2\/pages\/609\/revisions\/610"}],"wp:attachment":[{"href":"https:\/\/chezirene.lu\/fr\/wp-json\/wp\/v2\/media?parent=609"}],"curies":[{"name":"wp","href":"https:\/\/api.w.org\/{rel}","templated":true}]}}