{"id":53,"date":"2025-02-17T11:21:44","date_gmt":"2025-02-17T11:21:44","guid":{"rendered":"https:\/\/chezirene.dev.apps.lu\/?page_id=53"},"modified":"2025-07-30T15:14:52","modified_gmt":"2025-07-30T15:14:52","slug":"nos-plats","status":"publish","type":"page","link":"https:\/\/chezirene.lu\/fr\/nos-plats\/","title":{"rendered":"Nos plats \/ Specialit\u00e9s"},"content":{"rendered":"<p>[et_pb_section fb_built=\u00a0\u00bb1&Prime; _builder_version=\u00a0\u00bb4.27.4&Prime; _module_preset=\u00a0\u00bbdefault\u00a0\u00bb background_color=\u00a0\u00bb#f9f9f9&Prime; global_colors_info=\u00a0\u00bb{}\u00a0\u00bb][et_pb_row _builder_version=\u00a0\u00bb4.27.4&Prime; _module_preset=\u00a0\u00bbdefault\u00a0\u00bb global_colors_info=\u00a0\u00bb{}\u00a0\u00bb][et_pb_column type=\u00a0\u00bb4_4&Prime; _builder_version=\u00a0\u00bb4.27.4&Prime; _module_preset=\u00a0\u00bbdefault\u00a0\u00bb global_colors_info=\u00a0\u00bb{}\u00a0\u00bb][et_pb_heading title=\u00a0\u00bbNos plats favoris\u00a0\u00bb _builder_version=\u00a0\u00bb4.27.4&Prime; _module_preset=\u00a0\u00bb1c1d342f-997d-4cc5-b4c0-c40bb0e96411&Prime; title_text_align=\u00a0\u00bbcenter\u00a0\u00bb title_text_color=\u00a0\u00bb#000000&Prime; global_colors_info=\u00a0\u00bb{}\u00a0\u00bb][\/et_pb_heading][\/et_pb_column][\/et_pb_row][et_pb_row _builder_version=\u00a0\u00bb4.27.4&Prime; _module_preset=\u00a0\u00bbdefault\u00a0\u00bb global_colors_info=\u00a0\u00bb{}\u00a0\u00bb][et_pb_column type=\u00a0\u00bb4_4&Prime; _builder_version=\u00a0\u00bb4.27.4&Prime; _module_preset=\u00a0\u00bbdefault\u00a0\u00bb global_colors_info=\u00a0\u00bb{}\u00a0\u00bb][et_pb_gallery gallery_ids=\u00a0\u00bb275,388,389,272,274,273,347,635,646,649,659&Prime; posts_number=\u00a0\u00bb200&Prime; show_pagination=\u00a0\u00bboff\u00a0\u00bb _builder_version=\u00a0\u00bb4.27.4&Prime; _module_preset=\u00a0\u00bbdefault\u00a0\u00bb title_text_align=\u00a0\u00bbcenter\u00a0\u00bb width=\u00a0\u00bb100%\u00a0\u00bb max_width=\u00a0\u00bb100%\u00a0\u00bb hover_enabled=\u00a0\u00bb0&Prime; global_colors_info=\u00a0\u00bb{}\u00a0\u00bb sticky_enabled=\u00a0\u00bb0&Prime;][\/et_pb_gallery][\/et_pb_column][\/et_pb_row][\/et_pb_section][et_pb_section fb_built=\u00a0\u00bb1&Prime; _builder_version=\u00a0\u00bb4.27.4&Prime; _module_preset=\u00a0\u00bbdefault\u00a0\u00bb min_height=\u00a0\u00bb445px\u00a0\u00bb global_colors_info=\u00a0\u00bb{}\u00a0\u00bb][et_pb_row _builder_version=\u00a0\u00bb4.27.4&Prime; _module_preset=\u00a0\u00bbdefault\u00a0\u00bb global_colors_info=\u00a0\u00bb{}\u00a0\u00bb][et_pb_column type=\u00a0\u00bb4_4&Prime; _builder_version=\u00a0\u00bb4.27.4&Prime; _module_preset=\u00a0\u00bbdefault\u00a0\u00bb global_colors_info=\u00a0\u00bb{}\u00a0\u00bb][et_pb_text _builder_version=\u00a0\u00bb4.27.4&Prime; _module_preset=\u00a0\u00bbdefault\u00a0\u00bb custom_margin=\u00a0\u00bb||||false|false\u00a0\u00bb custom_padding=\u00a0\u00bb||||false|false\u00a0\u00bb global_colors_info=\u00a0\u00bb{}\u00a0\u00bb]<\/p>\n<h2 style=\"text-align: center;\"><span style=\"text-decoration: underline;\"><strong>Nos sp\u00e9cialit\u00e9s d\u00e9licieuses, un vrai r\u00e9gal<\/strong><\/span><\/h2>\n<p>&nbsp;<\/p>\n<h2 style=\"text-align: center;\">\u00ab\u00a0FOUER F\u00cbSCH\u00a0\u00bb et MOULES fra\u00eeches pr\u00e9par\u00e9es \u00e0 diff\u00e9rentes vari\u00e9t\u00e9s<\/h2>\n<p>[\/et_pb_text][\/et_pb_column][\/et_pb_row][et_pb_row column_structure=\u00a0\u00bb1_3,1_3,1_3&Prime; _builder_version=\u00a0\u00bb4.27.4&Prime; _module_preset=\u00a0\u00bbdefault\u00a0\u00bb global_colors_info=\u00a0\u00bb{}\u00a0\u00bb][et_pb_column type=\u00a0\u00bb1_3&Prime; _builder_version=\u00a0\u00bb4.27.4&Prime; _module_preset=\u00a0\u00bbdefault\u00a0\u00bb global_colors_info=\u00a0\u00bb{}\u00a0\u00bb][et_pb_image src=\u00a0\u00bbhttps:\/\/chezirene.lu\/wp-content\/uploads\/fouerfesch-1024&#215;768.jpg\u00a0\u00bb title_text=\u00a0\u00bbFouerf\u00ebsch\u00a0\u00bb _builder_version=\u00a0\u00bb4.27.4&Prime; _module_preset=\u00a0\u00bbdefault\u00a0\u00bb global_colors_info=\u00a0\u00bb{}\u00a0\u00bb][\/et_pb_image][et_pb_text _builder_version=\u00a0\u00bb4.27.4&Prime; _module_preset=\u00a0\u00bbdefault\u00a0\u00bb locked=\u00a0\u00bboff\u00a0\u00bb global_colors_info=\u00a0\u00bb{}\u00a0\u00bb]<\/p>\n<p style=\"text-align: center;\"><span style=\"text-decoration: underline;\"><strong>Le plat traditionel<\/strong><\/span>, le Fouer F\u00ebsch (Aiglefin) sauce remoulade fait maison.<\/p>\n<p>[\/et_pb_text][\/et_pb_column][et_pb_column type=\u00a0\u00bb1_3&Prime; _builder_version=\u00a0\u00bb4.27.4&Prime; _module_preset=\u00a0\u00bbdefault\u00a0\u00bb global_colors_info=\u00a0\u00bb{}\u00a0\u00bb][et_pb_image src=\u00a0\u00bbhttps:\/\/chezirene.lu\/wp-content\/uploads\/Filet-de-poisson.jpeg\u00a0\u00bb title_text=\u00a0\u00bbFilet de poisson\u00a0\u00bb _builder_version=\u00a0\u00bb4.27.4&Prime; _module_preset=\u00a0\u00bbdefault\u00a0\u00bb global_colors_info=\u00a0\u00bb{}\u00a0\u00bb][\/et_pb_image][et_pb_text _builder_version=\u00a0\u00bb4.27.4&Prime; _module_preset=\u00a0\u00bbdefault\u00a0\u00bb min_height=\u00a0\u00bb103.4px\u00a0\u00bb locked=\u00a0\u00bboff\u00a0\u00bb global_colors_info=\u00a0\u00bb{}\u00a0\u00bb]<\/p>\n<p><span style=\"text-decoration: underline;\"><strong><\/strong><\/span><\/p>\n<p><span style=\"text-decoration: underline;\"><strong><\/strong><\/span><\/p>\n<p style=\"text-align: center;\"><span style=\"text-decoration: underline;\"><strong>Fish and Chips, Le Filet de Poisson<\/strong><\/span> (Cabillaud) frit, sauce remoulade fait maison.<\/p>\n<p>[\/et_pb_text][\/et_pb_column][et_pb_column type=\u00a0\u00bb1_3&Prime; _builder_version=\u00a0\u00bb4.27.4&Prime; _module_preset=\u00a0\u00bbdefault\u00a0\u00bb global_colors_info=\u00a0\u00bb{}\u00a0\u00bb][et_pb_image src=\u00a0\u00bbhttps:\/\/chezirene.lu\/wp-content\/uploads\/body-bg-1024&#215;639.jpg\u00a0\u00bb title_text=\u00a0\u00bbbody-bg\u00a0\u00bb _builder_version=\u00a0\u00bb4.27.4&Prime; _module_preset=\u00a0\u00bbdefault\u00a0\u00bb custom_margin=\u00a0\u00bb|-57px|67px|||\u00a0\u00bb custom_padding=\u00a0\u00bb|58px|4px|||\u00a0\u00bb global_colors_info=\u00a0\u00bb{}\u00a0\u00bb][\/et_pb_image][et_pb_text _builder_version=\u00a0\u00bb4.27.4&Prime; _module_preset=\u00a0\u00bbdefault\u00a0\u00bb min_height=\u00a0\u00bb98.4px\u00a0\u00bb custom_margin=\u00a0\u00bb-61px||-2px|||\u00a0\u00bb custom_padding=\u00a0\u00bb||0px|||\u00a0\u00bb locked=\u00a0\u00bboff\u00a0\u00bb global_colors_info=\u00a0\u00bb{}\u00a0\u00bb]<\/p>\n<p>&nbsp;<\/p>\n<p style=\"text-align: center;\"><span style=\"text-decoration: underline;\"><strong>Les Moules<\/strong><\/span> fr\u00e2iches, juteuses, pr\u00e9par\u00e9es \u00e0 diff\u00e9rentes vari\u00e9t\u00e9s, un d\u00e9lice.<\/p>\n<p>[\/et_pb_text][\/et_pb_column][\/et_pb_row][\/et_pb_section][et_pb_section fb_built=\u00a0\u00bb1&Prime; _builder_version=\u00a0\u00bb4.27.4&Prime; _module_preset=\u00a0\u00bbdefault\u00a0\u00bb use_background_color_gradient=\u00a0\u00bbon\u00a0\u00bb background_color_gradient_stops=\u00a0\u00bbrgba(0,0,0,0.6) 0%|rgba(0,0,0,0.6) 100%\u00a0\u00bb background_color_gradient_overlays_image=\u00a0\u00bbon\u00a0\u00bb background_image=\u00a0\u00bbhttps:\/\/chezirene.lu\/wp-content\/uploads\/pexels-pixabay-53131.jpg\u00a0\u00bb global_colors_info=\u00a0\u00bb{}\u00a0\u00bb][et_pb_row column_structure=\u00a0\u00bb1_2,1_2&Prime; _builder_version=\u00a0\u00bb4.27.4&Prime; _module_preset=\u00a0\u00bbdefault\u00a0\u00bb global_colors_info=\u00a0\u00bb{}\u00a0\u00bb][et_pb_column type=\u00a0\u00bb1_2&Prime; _builder_version=\u00a0\u00bb4.27.4&Prime; _module_preset=\u00a0\u00bbdefault\u00a0\u00bb global_colors_info=\u00a0\u00bb{}\u00a0\u00bb][et_pb_heading title=\u00a0\u00bbD\u00e9couvrez ici nos Plats et Boissons.\u00a0\u00bb _builder_version=\u00a0\u00bb4.27.4&Prime; _module_preset=\u00a0\u00bbdefault\u00a0\u00bb title_text_color=\u00a0\u00bb#FFFFFF\u00a0\u00bb width=\u00a0\u00bb400px\u00a0\u00bb width_tablet=\u00a0\u00bb100%\u00a0\u00bb width_phone=\u00a0\u00bb99%\u00a0\u00bb width_last_edited=\u00a0\u00bbon|phone\u00a0\u00bb custom_margin=\u00a0\u00bb|-953px||||\u00a0\u00bb custom_padding=\u00a0\u00bb||4px|0px||\u00a0\u00bb title_font_last_edited=\u00a0\u00bboff|phone\u00a0\u00bb global_colors_info=\u00a0\u00bb{}\u00a0\u00bb][\/et_pb_heading][\/et_pb_column][et_pb_column type=\u00a0\u00bb1_2&Prime; _builder_version=\u00a0\u00bb4.27.4&Prime; _module_preset=\u00a0\u00bbdefault\u00a0\u00bb global_colors_info=\u00a0\u00bb{}\u00a0\u00bb custom_css_main_element_last_edited=\u00a0\u00bboff|desktop\u00a0\u00bb custom_css_main_element_phone=\u00a0\u00bbdisplay:flex;||align-items:center;||gap:25px!important;||flex-wrap:wrap;||justify-content:center;\u00a0\u00bb][et_pb_button button_url=\u00a0\u00bb\/wp-content\/uploads\/menu\/Chez_Irene_menu.pdf\u00a0\u00bb url_new_window=\u00a0\u00bbon\u00a0\u00bb button_text=\u00a0\u00bbAfficher la carte de menus\u00a0\u00bb button_alignment=\u00a0\u00bbright\u00a0\u00bb button_alignment_tablet=\u00a0\u00bbcenter\u00a0\u00bb button_alignment_phone=\u00a0\u00bbcenter\u00a0\u00bb button_alignment_last_edited=\u00a0\u00bbon|tablet\u00a0\u00bb _builder_version=\u00a0\u00bb4.27.4&Prime; _module_preset=\u00a0\u00bbdefault\u00a0\u00bb custom_margin=\u00a0\u00bb||0px||false|false\u00a0\u00bb global_colors_info=\u00a0\u00bb{}\u00a0\u00bb][\/et_pb_button][\/et_pb_column][\/et_pb_row][\/et_pb_section][et_pb_section fb_built=\u00a0\u00bb1&Prime; _builder_version=\u00a0\u00bb4.27.4&Prime; _module_preset=\u00a0\u00bbdefault\u00a0\u00bb background_color=\u00a0\u00bb#e63946&Prime; background_enable_image=\u00a0\u00bboff\u00a0\u00bb global_colors_info=\u00a0\u00bb{}\u00a0\u00bb][et_pb_row _builder_version=\u00a0\u00bb4.27.4&Prime; _module_preset=\u00a0\u00bbdefault\u00a0\u00bb global_colors_info=\u00a0\u00bb{}\u00a0\u00bb][et_pb_column type=\u00a0\u00bb4_4&Prime; _builder_version=\u00a0\u00bb4.27.4&Prime; _module_preset=\u00a0\u00bbdefault\u00a0\u00bb global_colors_info=\u00a0\u00bb{}\u00a0\u00bb][et_pb_button button_url=\u00a0\u00bbhttps:\/\/booking.hiopos.com\/booking?data=%3D%3DQZzxWYm1jbp1GZhZSOyETM3ITPklEcvh2c\u00a0\u00bb button_text=\u00a0\u00bbR\u00e9servez votre table d\u00e8s maintenant\u00a0\u00bb _builder_version=\u00a0\u00bb4.27.4&Prime; _module_preset=\u00a0\u00bbbf7927d8-0163-4b52-b030-1eceaae569a6&Prime; button_text_size=\u00a0\u00bb30px\u00a0\u00bb custom_margin=\u00a0\u00bb||0px||false|false\u00a0\u00bb global_colors_info=\u00a0\u00bb{}\u00a0\u00bb][\/et_pb_button][\/et_pb_column][\/et_pb_row][\/et_pb_section]<\/p>\n","protected":false},"excerpt":{"rendered":"<p>Nos sp\u00e9cialit\u00e9s d\u00e9licieuses, un vrai r\u00e9gal &nbsp; \u00ab\u00a0FOUER F\u00cbSCH\u00a0\u00bb et MOULES fra\u00eeches pr\u00e9par\u00e9es \u00e0 diff\u00e9rentes vari\u00e9t\u00e9sLe plat traditionel, le Fouer F\u00ebsch (Aiglefin) sauce remoulade fait maison. Fish and Chips, Le Filet de Poisson (Cabillaud) frit, sauce remoulade fait maison.&nbsp; Les Moules fr\u00e2iches, juteuses, pr\u00e9par\u00e9es \u00e0 diff\u00e9rentes vari\u00e9t\u00e9s, un d\u00e9lice.<\/p>\n","protected":false},"author":1,"featured_media":0,"parent":0,"menu_order":0,"comment_status":"closed","ping_status":"closed","template":"","meta":{"_et_pb_use_builder":"on","_et_pb_old_content":"","_et_gb_content_width":"","footnotes":""},"class_list":["post-53","page","type-page","status-publish","hentry"],"yoast_head":"<!-- This site is optimized with the Yoast SEO plugin v27.3 - https:\/\/yoast.com\/product\/yoast-seo-wordpress\/ -->\n<title>Nos plats \/ Specialit\u00e9s - Restaurant Chez-Ir\u00e8ne<\/title>\n<meta name=\"robots\" content=\"index, follow, max-snippet:-1, max-image-preview:large, max-video-preview:-1\" \/>\n<link rel=\"canonical\" href=\"https:\/\/chezirene.lu\/fr\/nos-plats\/\" \/>\n<meta property=\"og:locale\" content=\"fr_FR\" \/>\n<meta property=\"og:type\" content=\"article\" \/>\n<meta property=\"og:title\" content=\"Nos plats \/ Specialit\u00e9s - Restaurant Chez-Ir\u00e8ne\" \/>\n<meta property=\"og:description\" content=\"Nos sp\u00e9cialit\u00e9s d\u00e9licieuses, un vrai r\u00e9gal &nbsp; &quot;FOUER F\u00cbSCH&quot; et MOULES fra\u00eeches pr\u00e9par\u00e9es \u00e0 diff\u00e9rentes vari\u00e9t\u00e9sLe plat traditionel, le Fouer F\u00ebsch (Aiglefin) sauce remoulade fait maison. Fish and Chips, Le Filet de Poisson (Cabillaud) frit, sauce remoulade fait maison.&nbsp; Les Moules fr\u00e2iches, juteuses, pr\u00e9par\u00e9es \u00e0 diff\u00e9rentes vari\u00e9t\u00e9s, un d\u00e9lice.\" \/>\n<meta property=\"og:url\" content=\"https:\/\/chezirene.lu\/fr\/nos-plats\/\" \/>\n<meta property=\"og:site_name\" content=\"Restaurant Chez-Ir\u00e8ne\" \/>\n<meta property=\"article:publisher\" content=\"https:\/\/www.facebook.com\/profile.php?id=61558328098867\" \/>\n<meta property=\"article:modified_time\" content=\"2025-07-30T15:14:52+00:00\" \/>\n<meta name=\"twitter:card\" content=\"summary_large_image\" \/>\n<meta name=\"twitter:label1\" content=\"Dur\u00e9e de lecture estim\u00e9e\" \/>\n\t<meta name=\"twitter:data1\" content=\"4 minutes\" \/>\n<script type=\"application\/ld+json\" class=\"yoast-schema-graph\">{\"@context\":\"https:\\\/\\\/schema.org\",\"@graph\":[{\"@type\":\"WebPage\",\"@id\":\"https:\\\/\\\/chezirene.lu\\\/fr\\\/nos-plats\\\/\",\"url\":\"https:\\\/\\\/chezirene.lu\\\/fr\\\/nos-plats\\\/\",\"name\":\"Nos plats \\\/ Specialit\u00e9s - Restaurant Chez-Ir\u00e8ne\",\"isPartOf\":{\"@id\":\"https:\\\/\\\/chezirene.lu\\\/fr\\\/#website\"},\"datePublished\":\"2025-02-17T11:21:44+00:00\",\"dateModified\":\"2025-07-30T15:14:52+00:00\",\"breadcrumb\":{\"@id\":\"https:\\\/\\\/chezirene.lu\\\/fr\\\/nos-plats\\\/#breadcrumb\"},\"inLanguage\":\"fr-FR\",\"potentialAction\":[{\"@type\":\"ReadAction\",\"target\":[\"https:\\\/\\\/chezirene.lu\\\/fr\\\/nos-plats\\\/\"]}]},{\"@type\":\"BreadcrumbList\",\"@id\":\"https:\\\/\\\/chezirene.lu\\\/fr\\\/nos-plats\\\/#breadcrumb\",\"itemListElement\":[{\"@type\":\"ListItem\",\"position\":1,\"name\":\"Home\",\"item\":\"https:\\\/\\\/chezirene.lu\\\/fr\\\/\"},{\"@type\":\"ListItem\",\"position\":2,\"name\":\"Nos plats \\\/ Specialit\u00e9s\"}]},{\"@type\":\"WebSite\",\"@id\":\"https:\\\/\\\/chezirene.lu\\\/fr\\\/#website\",\"url\":\"https:\\\/\\\/chezirene.lu\\\/fr\\\/\",\"name\":\"Restaurant Chez-Ir\u00e8ne\",\"description\":\"\",\"publisher\":{\"@id\":\"https:\\\/\\\/chezirene.lu\\\/fr\\\/#organization\"},\"potentialAction\":[{\"@type\":\"SearchAction\",\"target\":{\"@type\":\"EntryPoint\",\"urlTemplate\":\"https:\\\/\\\/chezirene.lu\\\/fr\\\/?s={search_term_string}\"},\"query-input\":{\"@type\":\"PropertyValueSpecification\",\"valueRequired\":true,\"valueName\":\"search_term_string\"}}],\"inLanguage\":\"fr-FR\"},{\"@type\":\"Organization\",\"@id\":\"https:\\\/\\\/chezirene.lu\\\/fr\\\/#organization\",\"name\":\"Restaurant Chez-Ir\u00e8ne\",\"url\":\"https:\\\/\\\/chezirene.lu\\\/fr\\\/\",\"logo\":{\"@type\":\"ImageObject\",\"inLanguage\":\"fr-FR\",\"@id\":\"https:\\\/\\\/chezirene.lu\\\/fr\\\/#\\\/schema\\\/logo\\\/image\\\/\",\"url\":\"https:\\\/\\\/chezirene.lu\\\/wp-content\\\/uploads\\\/chez_irene0.png\",\"contentUrl\":\"https:\\\/\\\/chezirene.lu\\\/wp-content\\\/uploads\\\/chez_irene0.png\",\"width\":426,\"height\":118,\"caption\":\"Restaurant Chez-Ir\u00e8ne\"},\"image\":{\"@id\":\"https:\\\/\\\/chezirene.lu\\\/fr\\\/#\\\/schema\\\/logo\\\/image\\\/\"},\"sameAs\":[\"https:\\\/\\\/www.facebook.com\\\/profile.php?id=61558328098867\"]}]}<\/script>\n<!-- \/ Yoast SEO plugin. -->","yoast_head_json":{"title":"Nos plats \/ Specialit\u00e9s - Restaurant Chez-Ir\u00e8ne","robots":{"index":"index","follow":"follow","max-snippet":"max-snippet:-1","max-image-preview":"max-image-preview:large","max-video-preview":"max-video-preview:-1"},"canonical":"https:\/\/chezirene.lu\/fr\/nos-plats\/","og_locale":"fr_FR","og_type":"article","og_title":"Nos plats \/ Specialit\u00e9s - Restaurant Chez-Ir\u00e8ne","og_description":"Nos sp\u00e9cialit\u00e9s d\u00e9licieuses, un vrai r\u00e9gal &nbsp; \"FOUER F\u00cbSCH\" et MOULES fra\u00eeches pr\u00e9par\u00e9es \u00e0 diff\u00e9rentes vari\u00e9t\u00e9sLe plat traditionel, le Fouer F\u00ebsch (Aiglefin) sauce remoulade fait maison. Fish and Chips, Le Filet de Poisson (Cabillaud) frit, sauce remoulade fait maison.&nbsp; Les Moules fr\u00e2iches, juteuses, pr\u00e9par\u00e9es \u00e0 diff\u00e9rentes vari\u00e9t\u00e9s, un d\u00e9lice.","og_url":"https:\/\/chezirene.lu\/fr\/nos-plats\/","og_site_name":"Restaurant Chez-Ir\u00e8ne","article_publisher":"https:\/\/www.facebook.com\/profile.php?id=61558328098867","article_modified_time":"2025-07-30T15:14:52+00:00","twitter_card":"summary_large_image","twitter_misc":{"Dur\u00e9e de lecture estim\u00e9e":"4 minutes"},"schema":{"@context":"https:\/\/schema.org","@graph":[{"@type":"WebPage","@id":"https:\/\/chezirene.lu\/fr\/nos-plats\/","url":"https:\/\/chezirene.lu\/fr\/nos-plats\/","name":"Nos plats \/ Specialit\u00e9s - Restaurant Chez-Ir\u00e8ne","isPartOf":{"@id":"https:\/\/chezirene.lu\/fr\/#website"},"datePublished":"2025-02-17T11:21:44+00:00","dateModified":"2025-07-30T15:14:52+00:00","breadcrumb":{"@id":"https:\/\/chezirene.lu\/fr\/nos-plats\/#breadcrumb"},"inLanguage":"fr-FR","potentialAction":[{"@type":"ReadAction","target":["https:\/\/chezirene.lu\/fr\/nos-plats\/"]}]},{"@type":"BreadcrumbList","@id":"https:\/\/chezirene.lu\/fr\/nos-plats\/#breadcrumb","itemListElement":[{"@type":"ListItem","position":1,"name":"Home","item":"https:\/\/chezirene.lu\/fr\/"},{"@type":"ListItem","position":2,"name":"Nos plats \/ Specialit\u00e9s"}]},{"@type":"WebSite","@id":"https:\/\/chezirene.lu\/fr\/#website","url":"https:\/\/chezirene.lu\/fr\/","name":"Restaurant Chez-Ir\u00e8ne","description":"","publisher":{"@id":"https:\/\/chezirene.lu\/fr\/#organization"},"potentialAction":[{"@type":"SearchAction","target":{"@type":"EntryPoint","urlTemplate":"https:\/\/chezirene.lu\/fr\/?s={search_term_string}"},"query-input":{"@type":"PropertyValueSpecification","valueRequired":true,"valueName":"search_term_string"}}],"inLanguage":"fr-FR"},{"@type":"Organization","@id":"https:\/\/chezirene.lu\/fr\/#organization","name":"Restaurant Chez-Ir\u00e8ne","url":"https:\/\/chezirene.lu\/fr\/","logo":{"@type":"ImageObject","inLanguage":"fr-FR","@id":"https:\/\/chezirene.lu\/fr\/#\/schema\/logo\/image\/","url":"https:\/\/chezirene.lu\/wp-content\/uploads\/chez_irene0.png","contentUrl":"https:\/\/chezirene.lu\/wp-content\/uploads\/chez_irene0.png","width":426,"height":118,"caption":"Restaurant Chez-Ir\u00e8ne"},"image":{"@id":"https:\/\/chezirene.lu\/fr\/#\/schema\/logo\/image\/"},"sameAs":["https:\/\/www.facebook.com\/profile.php?id=61558328098867"]}]}},"_links":{"self":[{"href":"https:\/\/chezirene.lu\/fr\/wp-json\/wp\/v2\/pages\/53","targetHints":{"allow":["GET"]}}],"collection":[{"href":"https:\/\/chezirene.lu\/fr\/wp-json\/wp\/v2\/pages"}],"about":[{"href":"https:\/\/chezirene.lu\/fr\/wp-json\/wp\/v2\/types\/page"}],"author":[{"embeddable":true,"href":"https:\/\/chezirene.lu\/fr\/wp-json\/wp\/v2\/users\/1"}],"replies":[{"embeddable":true,"href":"https:\/\/chezirene.lu\/fr\/wp-json\/wp\/v2\/comments?post=53"}],"version-history":[{"count":44,"href":"https:\/\/chezirene.lu\/fr\/wp-json\/wp\/v2\/pages\/53\/revisions"}],"predecessor-version":[{"id":661,"href":"https:\/\/chezirene.lu\/fr\/wp-json\/wp\/v2\/pages\/53\/revisions\/661"}],"wp:attachment":[{"href":"https:\/\/chezirene.lu\/fr\/wp-json\/wp\/v2\/media?parent=53"}],"curies":[{"name":"wp","href":"https:\/\/api.w.org\/{rel}","templated":true}]}}