{"id":3,"date":"2025-02-17T09:22:13","date_gmt":"2025-02-17T09:22:13","guid":{"rendered":"https:\/\/chezirene.dev.apps.lu\/?page_id=3"},"modified":"2025-05-19T10:26:59","modified_gmt":"2025-05-19T10:26:59","slug":"privacite","status":"publish","type":"page","link":"https:\/\/chezirene.lu\/fr\/privacite\/","title":{"rendered":"Privacy Policy"},"content":{"rendered":"\n<p><strong>Date d&rsquo;entr\u00e9e en vigueur :<\/strong> 16\/05\/2025<\/p>\n\n\n\n<h3 class=\"wp-block-heading\">1. Introduction<\/h3>\n\n\n\n<p>Chez <strong>Chez Irene<\/strong>, nous accordons une grande importance \u00e0 la confidentialit\u00e9 et \u00e0 la protection des informations personnelles de nos utilisateurs. Cette politique de confidentialit\u00e9 explique nos pratiques concernant les donn\u00e9es rencontr\u00e9es sur notre site, qui sert principalement de plateforme de partage d&rsquo;informations. Bien que nous ne collectons, ne stockons ni ne traitons directement les donn\u00e9es des utilisateurs, nous utilisons un outil de consentement aux cookies pour des raisons de conformit\u00e9 l\u00e9gale.<\/p>\n\n\n\n<h3 class=\"wp-block-heading\">2. Collecte d\u2019informations<\/h3>\n\n\n\n<p>Nous ne collectons ni ne traitons aucune information personnelle sur ce site. Aucune saisie de donn\u00e9es utilisateur n\u2019est requise ni activ\u00e9e sur notre site.<\/p>\n\n\n\n<h3 class=\"wp-block-heading\">3. Utilisation des cookies<\/h3>\n\n\n\n<p>Pour nous conformer aux lois applicables sur la protection des donn\u00e9es, nous utilisons <strong>un plugin<\/strong> pour g\u00e9rer le consentement des utilisateurs. Ce plugin est le seul outil de gestion des cookies utilis\u00e9 sur notre site et ne suit pas les utilisateurs ni ne collecte de donn\u00e9es personnelles au-del\u00e0 des informations relatives au consentement.<\/p>\n\n\n\n<h3 class=\"wp-block-heading\">4. Liens vers des sites tiers<\/h3>\n\n\n\n<p>Notre site peut contenir des liens vers des sites web tiers, chacun ayant ses propres politiques de confidentialit\u00e9. Nous ne sommes pas responsables des pratiques de confidentialit\u00e9 ni du contenu de ces sites externes. Les utilisateurs sont encourag\u00e9s \u00e0 consulter les politiques de confidentialit\u00e9 de tout site tiers qu&rsquo;ils visitent.<\/p>\n\n\n\n<h3 class=\"wp-block-heading\">5. S\u00e9curit\u00e9<\/h3>\n\n\n\n<p>Bien que notre site ne collecte pas de donn\u00e9es utilisateur, nous prenons des mesures raisonnables pour garantir un environnement de navigation s\u00e9curis\u00e9 pour tous les visiteurs.<\/p>\n\n\n\n<h3 class=\"wp-block-heading\">6. Coordonn\u00e9es<\/h3>\n\n\n\n<p>Si vous avez des questions concernant cette politique de confidentialit\u00e9 ou les pratiques de notre site web, veuillez contacter la partie responsable \u00e0 l\u2019adresse suivante :<br><strong><a>hofrom@pt.lu<\/a><\/strong><\/p>\n\n\n\n<h3 class=\"wp-block-heading\">7. Modifications de notre politique de confidentialit\u00e9<\/h3>\n\n\n\n<p><strong>Chez Irene<\/strong> se r\u00e9serve le droit de modifier cette politique de confidentialit\u00e9 \u00e0 tout moment. Les modifications seront publi\u00e9es directement sur cette page, et les utilisateurs sont invit\u00e9s \u00e0 consulter cette politique p\u00e9riodiquement.<\/p>\n","protected":false},"excerpt":{"rendered":"<p>Date d&rsquo;entr\u00e9e en vigueur : 16\/05\/2025 1. Introduction Chez Chez Irene, nous accordons une grande importance \u00e0 la confidentialit\u00e9 et \u00e0 la protection des informations personnelles de nos utilisateurs. Cette politique de confidentialit\u00e9 explique nos pratiques concernant les donn\u00e9es rencontr\u00e9es sur notre site, qui sert principalement de plateforme de partage d&rsquo;informations. Bien que nous ne [&hellip;]<\/p>\n","protected":false},"author":1,"featured_media":0,"parent":0,"menu_order":0,"comment_status":"closed","ping_status":"closed","template":"","meta":{"_et_pb_use_builder":"","_et_pb_old_content":"","_et_gb_content_width":"","footnotes":""},"class_list":["post-3","page","type-page","status-publish","hentry"],"yoast_head":"<!-- This site is optimized with the Yoast SEO plugin v27.3 - https:\/\/yoast.com\/product\/yoast-seo-wordpress\/ -->\n<title>Privacy Policy - Restaurant Chez-Ir\u00e8ne<\/title>\n<meta name=\"robots\" content=\"noindex, follow\" \/>\n<meta property=\"og:locale\" content=\"fr_FR\" \/>\n<meta property=\"og:type\" content=\"article\" \/>\n<meta property=\"og:title\" content=\"Privacy Policy - Restaurant Chez-Ir\u00e8ne\" \/>\n<meta property=\"og:description\" content=\"Date d&rsquo;entr\u00e9e en vigueur : 16\/05\/2025 1. Introduction Chez Chez Irene, nous accordons une grande importance \u00e0 la confidentialit\u00e9 et \u00e0 la protection des informations personnelles de nos utilisateurs. Cette politique de confidentialit\u00e9 explique nos pratiques concernant les donn\u00e9es rencontr\u00e9es sur notre site, qui sert principalement de plateforme de partage d&rsquo;informations. Bien que nous ne [&hellip;]\" \/>\n<meta property=\"og:url\" content=\"https:\/\/chezirene.lu\/fr\/privacite\/\" \/>\n<meta property=\"og:site_name\" content=\"Restaurant Chez-Ir\u00e8ne\" \/>\n<meta property=\"article:publisher\" content=\"https:\/\/www.facebook.com\/profile.php?id=61558328098867\" \/>\n<meta property=\"article:modified_time\" content=\"2025-05-19T10:26:59+00:00\" \/>\n<meta name=\"twitter:card\" content=\"summary_large_image\" \/>\n<meta name=\"twitter:label1\" content=\"Dur\u00e9e de lecture estim\u00e9e\" \/>\n\t<meta name=\"twitter:data1\" content=\"2 minutes\" \/>\n<script type=\"application\/ld+json\" class=\"yoast-schema-graph\">{\"@context\":\"https:\\\/\\\/schema.org\",\"@graph\":[{\"@type\":\"WebPage\",\"@id\":\"https:\\\/\\\/chezirene.lu\\\/fr\\\/privacite\\\/\",\"url\":\"https:\\\/\\\/chezirene.lu\\\/fr\\\/privacite\\\/\",\"name\":\"Privacy Policy - Restaurant Chez-Ir\u00e8ne\",\"isPartOf\":{\"@id\":\"https:\\\/\\\/chezirene.lu\\\/fr\\\/#website\"},\"datePublished\":\"2025-02-17T09:22:13+00:00\",\"dateModified\":\"2025-05-19T10:26:59+00:00\",\"breadcrumb\":{\"@id\":\"https:\\\/\\\/chezirene.lu\\\/fr\\\/privacite\\\/#breadcrumb\"},\"inLanguage\":\"fr-FR\",\"potentialAction\":[{\"@type\":\"ReadAction\",\"target\":[\"https:\\\/\\\/chezirene.lu\\\/fr\\\/privacite\\\/\"]}]},{\"@type\":\"BreadcrumbList\",\"@id\":\"https:\\\/\\\/chezirene.lu\\\/fr\\\/privacite\\\/#breadcrumb\",\"itemListElement\":[{\"@type\":\"ListItem\",\"position\":1,\"name\":\"Home\",\"item\":\"https:\\\/\\\/chezirene.lu\\\/fr\\\/\"},{\"@type\":\"ListItem\",\"position\":2,\"name\":\"Privacy Policy\"}]},{\"@type\":\"WebSite\",\"@id\":\"https:\\\/\\\/chezirene.lu\\\/fr\\\/#website\",\"url\":\"https:\\\/\\\/chezirene.lu\\\/fr\\\/\",\"name\":\"Restaurant Chez-Ir\u00e8ne\",\"description\":\"\",\"publisher\":{\"@id\":\"https:\\\/\\\/chezirene.lu\\\/fr\\\/#organization\"},\"potentialAction\":[{\"@type\":\"SearchAction\",\"target\":{\"@type\":\"EntryPoint\",\"urlTemplate\":\"https:\\\/\\\/chezirene.lu\\\/fr\\\/?s={search_term_string}\"},\"query-input\":{\"@type\":\"PropertyValueSpecification\",\"valueRequired\":true,\"valueName\":\"search_term_string\"}}],\"inLanguage\":\"fr-FR\"},{\"@type\":\"Organization\",\"@id\":\"https:\\\/\\\/chezirene.lu\\\/fr\\\/#organization\",\"name\":\"Restaurant Chez-Ir\u00e8ne\",\"url\":\"https:\\\/\\\/chezirene.lu\\\/fr\\\/\",\"logo\":{\"@type\":\"ImageObject\",\"inLanguage\":\"fr-FR\",\"@id\":\"https:\\\/\\\/chezirene.lu\\\/fr\\\/#\\\/schema\\\/logo\\\/image\\\/\",\"url\":\"https:\\\/\\\/chezirene.lu\\\/wp-content\\\/uploads\\\/chez_irene0.png\",\"contentUrl\":\"https:\\\/\\\/chezirene.lu\\\/wp-content\\\/uploads\\\/chez_irene0.png\",\"width\":426,\"height\":118,\"caption\":\"Restaurant Chez-Ir\u00e8ne\"},\"image\":{\"@id\":\"https:\\\/\\\/chezirene.lu\\\/fr\\\/#\\\/schema\\\/logo\\\/image\\\/\"},\"sameAs\":[\"https:\\\/\\\/www.facebook.com\\\/profile.php?id=61558328098867\"]}]}<\/script>\n<!-- \/ Yoast SEO plugin. -->","yoast_head_json":{"title":"Privacy Policy - Restaurant Chez-Ir\u00e8ne","robots":{"index":"noindex","follow":"follow"},"og_locale":"fr_FR","og_type":"article","og_title":"Privacy Policy - Restaurant Chez-Ir\u00e8ne","og_description":"Date d&rsquo;entr\u00e9e en vigueur : 16\/05\/2025 1. Introduction Chez Chez Irene, nous accordons une grande importance \u00e0 la confidentialit\u00e9 et \u00e0 la protection des informations personnelles de nos utilisateurs. Cette politique de confidentialit\u00e9 explique nos pratiques concernant les donn\u00e9es rencontr\u00e9es sur notre site, qui sert principalement de plateforme de partage d&rsquo;informations. Bien que nous ne [&hellip;]","og_url":"https:\/\/chezirene.lu\/fr\/privacite\/","og_site_name":"Restaurant Chez-Ir\u00e8ne","article_publisher":"https:\/\/www.facebook.com\/profile.php?id=61558328098867","article_modified_time":"2025-05-19T10:26:59+00:00","twitter_card":"summary_large_image","twitter_misc":{"Dur\u00e9e de lecture estim\u00e9e":"2 minutes"},"schema":{"@context":"https:\/\/schema.org","@graph":[{"@type":"WebPage","@id":"https:\/\/chezirene.lu\/fr\/privacite\/","url":"https:\/\/chezirene.lu\/fr\/privacite\/","name":"Privacy Policy - Restaurant Chez-Ir\u00e8ne","isPartOf":{"@id":"https:\/\/chezirene.lu\/fr\/#website"},"datePublished":"2025-02-17T09:22:13+00:00","dateModified":"2025-05-19T10:26:59+00:00","breadcrumb":{"@id":"https:\/\/chezirene.lu\/fr\/privacite\/#breadcrumb"},"inLanguage":"fr-FR","potentialAction":[{"@type":"ReadAction","target":["https:\/\/chezirene.lu\/fr\/privacite\/"]}]},{"@type":"BreadcrumbList","@id":"https:\/\/chezirene.lu\/fr\/privacite\/#breadcrumb","itemListElement":[{"@type":"ListItem","position":1,"name":"Home","item":"https:\/\/chezirene.lu\/fr\/"},{"@type":"ListItem","position":2,"name":"Privacy Policy"}]},{"@type":"WebSite","@id":"https:\/\/chezirene.lu\/fr\/#website","url":"https:\/\/chezirene.lu\/fr\/","name":"Restaurant Chez-Ir\u00e8ne","description":"","publisher":{"@id":"https:\/\/chezirene.lu\/fr\/#organization"},"potentialAction":[{"@type":"SearchAction","target":{"@type":"EntryPoint","urlTemplate":"https:\/\/chezirene.lu\/fr\/?s={search_term_string}"},"query-input":{"@type":"PropertyValueSpecification","valueRequired":true,"valueName":"search_term_string"}}],"inLanguage":"fr-FR"},{"@type":"Organization","@id":"https:\/\/chezirene.lu\/fr\/#organization","name":"Restaurant Chez-Ir\u00e8ne","url":"https:\/\/chezirene.lu\/fr\/","logo":{"@type":"ImageObject","inLanguage":"fr-FR","@id":"https:\/\/chezirene.lu\/fr\/#\/schema\/logo\/image\/","url":"https:\/\/chezirene.lu\/wp-content\/uploads\/chez_irene0.png","contentUrl":"https:\/\/chezirene.lu\/wp-content\/uploads\/chez_irene0.png","width":426,"height":118,"caption":"Restaurant Chez-Ir\u00e8ne"},"image":{"@id":"https:\/\/chezirene.lu\/fr\/#\/schema\/logo\/image\/"},"sameAs":["https:\/\/www.facebook.com\/profile.php?id=61558328098867"]}]}},"_links":{"self":[{"href":"https:\/\/chezirene.lu\/fr\/wp-json\/wp\/v2\/pages\/3","targetHints":{"allow":["GET"]}}],"collection":[{"href":"https:\/\/chezirene.lu\/fr\/wp-json\/wp\/v2\/pages"}],"about":[{"href":"https:\/\/chezirene.lu\/fr\/wp-json\/wp\/v2\/types\/page"}],"author":[{"embeddable":true,"href":"https:\/\/chezirene.lu\/fr\/wp-json\/wp\/v2\/users\/1"}],"replies":[{"embeddable":true,"href":"https:\/\/chezirene.lu\/fr\/wp-json\/wp\/v2\/comments?post=3"}],"version-history":[{"count":3,"href":"https:\/\/chezirene.lu\/fr\/wp-json\/wp\/v2\/pages\/3\/revisions"}],"predecessor-version":[{"id":620,"href":"https:\/\/chezirene.lu\/fr\/wp-json\/wp\/v2\/pages\/3\/revisions\/620"}],"wp:attachment":[{"href":"https:\/\/chezirene.lu\/fr\/wp-json\/wp\/v2\/media?parent=3"}],"curies":[{"name":"wp","href":"https:\/\/api.w.org\/{rel}","templated":true}]}}